{"id":1359,"date":"2022-11-11T13:17:47","date_gmt":"2022-11-11T13:17:47","guid":{"rendered":"https:\/\/www.desali.com.br\/?page_id=1359"},"modified":"2022-12-14T14:08:48","modified_gmt":"2022-12-14T14:08:48","slug":"tecnica-mista","status":"publish","type":"page","link":"https:\/\/www.desali.com.br\/en\/tecnica-mista\/","title":{"rendered":". T\u00e9cnica mista"},"content":{"rendered":"<div data-elementor-type=\"wp-page\" data-elementor-id=\"1359\" class=\"elementor elementor-1359\" data-elementor-post-type=\"page\">\n\t\t\t\t\t\t<section class=\"elementor-section elementor-top-section elementor-element elementor-element-7cb8dcc elementor-section-content-bottom elementor-section-boxed elementor-section-height-default elementor-section-height-default\" data-id=\"7cb8dcc\" data-element_type=\"section\" data-e-type=\"section\">\n\t\t\t\t\t\t<div class=\"elementor-container elementor-column-gap-default\">\n\t\t\t\t\t<div class=\"elementor-column elementor-col-33 elementor-top-column elementor-element elementor-element-887dc7c\" data-id=\"887dc7c\" data-element_type=\"column\" data-e-type=\"column\">\n\t\t\t<div class=\"elementor-widget-wrap elementor-element-populated\">\n\t\t\t\t\t\t<div class=\"elementor-element elementor-element-aa6af8b elementor-widget elementor-widget-heading\" data-id=\"aa6af8b\" data-element_type=\"widget\" data-e-type=\"widget\" data-widget_type=\"heading.default\">\n\t\t\t\t<div class=\"elementor-widget-container\">\n\t\t\t\t\t<h2 class=\"elementor-heading-title elementor-size-default\"><a href=\"https:\/\/www.desali.com.br\/en\/portfolio\/\">DESALI<\/a><\/h2>\t\t\t\t<\/div>\n\t\t\t\t<\/div>\n\t\t\t\t\t<\/div>\n\t\t<\/div>\n\t\t\t\t<div class=\"elementor-column elementor-col-33 elementor-top-column elementor-element elementor-element-f1ec97a\" data-id=\"f1ec97a\" data-element_type=\"column\" data-e-type=\"column\">\n\t\t\t<div class=\"elementor-widget-wrap elementor-element-populated\">\n\t\t\t\t\t\t<div class=\"elementor-element elementor-element-e83d096 elementor-nav-menu__align-end elementor-nav-menu--dropdown-none elementor-widget elementor-widget-nav-menu\" data-id=\"e83d096\" data-element_type=\"widget\" data-e-type=\"widget\" data-settings=\"{&quot;layout&quot;:&quot;horizontal&quot;,&quot;submenu_icon&quot;:{&quot;value&quot;:&quot;&lt;i class=\\&quot;fas fa-caret-down\\&quot;&gt;&lt;\\\/i&gt;&quot;,&quot;library&quot;:&quot;fa-solid&quot;}}\" data-widget_type=\"nav-menu.default\">\n\t\t\t\t<div class=\"elementor-widget-container\">\n\t\t\t\t\t\t\t\t<nav aria-label=\"Menu\" class=\"elementor-nav-menu--main elementor-nav-menu__container elementor-nav-menu--layout-horizontal e--pointer-underline e--animation-fade\">\n\t\t\t\t<ul id=\"menu-1-e83d096\" class=\"elementor-nav-menu\"><li class=\"menu-item menu-item-type-post_type menu-item-object-page menu-item-1263\"><a href=\"https:\/\/www.desali.com.br\/en\/info\/\" class=\"elementor-item\">Info<\/a><\/li>\n<li class=\"menu-item menu-item-type-post_type menu-item-object-page menu-item-1350\"><a href=\"https:\/\/www.desali.com.br\/en\/contato-2\/\" class=\"elementor-item\">Contato<\/a><\/li>\n<li class=\"trp-language-switcher-container menu-item menu-item-type-post_type menu-item-object-language_switcher current-language-menu-item menu-item-1532\"><a href=\"https:\/\/www.desali.com.br\/en\/wp-json\/wp\/v2\/pages\/1359\" class=\"elementor-item elementor-item-anchor\"><span data-no-translation><span class=\"trp-ls-language-name\">EN<\/span><\/span><\/a><\/li>\n<li class=\"trp-language-switcher-container menu-item menu-item-type-post_type menu-item-object-language_switcher current-language-menu-item menu-item-1533\"><a href=\"https:\/\/www.desali.com.br\/en\/wp-json\/wp\/v2\/pages\/1359\" class=\"elementor-item elementor-item-anchor\"><span data-no-translation><span class=\"trp-ls-language-name\">PT<\/span><\/span><\/a><\/li>\n<\/ul>\t\t\t<\/nav>\n\t\t\t\t\t\t<nav class=\"elementor-nav-menu--dropdown elementor-nav-menu__container\" aria-hidden=\"true\">\n\t\t\t\t<ul id=\"menu-2-e83d096\" class=\"elementor-nav-menu\"><li class=\"menu-item menu-item-type-post_type menu-item-object-page menu-item-1263\"><a href=\"https:\/\/www.desali.com.br\/en\/info\/\" class=\"elementor-item\" tabindex=\"-1\">Info<\/a><\/li>\n<li class=\"menu-item menu-item-type-post_type menu-item-object-page menu-item-1350\"><a href=\"https:\/\/www.desali.com.br\/en\/contato-2\/\" class=\"elementor-item\" tabindex=\"-1\">Contato<\/a><\/li>\n<li class=\"trp-language-switcher-container menu-item menu-item-type-post_type menu-item-object-language_switcher current-language-menu-item menu-item-1532\"><a href=\"https:\/\/www.desali.com.br\/en\/wp-json\/wp\/v2\/pages\/1359\" class=\"elementor-item elementor-item-anchor\" tabindex=\"-1\"><span data-no-translation><span class=\"trp-ls-language-name\">EN<\/span><\/span><\/a><\/li>\n<li class=\"trp-language-switcher-container menu-item menu-item-type-post_type menu-item-object-language_switcher current-language-menu-item menu-item-1533\"><a href=\"https:\/\/www.desali.com.br\/en\/wp-json\/wp\/v2\/pages\/1359\" class=\"elementor-item elementor-item-anchor\" tabindex=\"-1\"><span data-no-translation><span class=\"trp-ls-language-name\">PT<\/span><\/span><\/a><\/li>\n<\/ul>\t\t\t<\/nav>\n\t\t\t\t\t\t<\/div>\n\t\t\t\t<\/div>\n\t\t\t\t\t<\/div>\n\t\t<\/div>\n\t\t\t\t<div class=\"elementor-column elementor-col-33 elementor-top-column elementor-element elementor-element-f74845d\" data-id=\"f74845d\" data-element_type=\"column\" data-e-type=\"column\">\n\t\t\t<div class=\"elementor-widget-wrap elementor-element-populated\">\n\t\t\t\t\t\t<div class=\"elementor-element elementor-element-5c13988 elementor-view-stacked elementor-shape-circle elementor-widget elementor-widget-icon\" data-id=\"5c13988\" data-element_type=\"widget\" data-e-type=\"widget\" data-widget_type=\"icon.default\">\n\t\t\t\t<div class=\"elementor-widget-container\">\n\t\t\t\t\t\t\t<div class=\"elementor-icon-wrapper\">\n\t\t\t<a class=\"elementor-icon elementor-animation-grow\" href=\"https:\/\/www.instagram.com\/desali_xo\/\">\n\t\t\t<i aria-hidden=\"true\" class=\"fab fa-instagram\"><\/i>\t\t\t<\/a>\n\t\t<\/div>\n\t\t\t\t\t\t<\/div>\n\t\t\t\t<\/div>\n\t\t\t\t\t<\/div>\n\t\t<\/div>\n\t\t\t\t\t<\/div>\n\t\t<\/section>\n\t\t\t\t<section class=\"elementor-section elementor-top-section elementor-element elementor-element-6163e1c elementor-section-boxed elementor-section-height-default elementor-section-height-default\" data-id=\"6163e1c\" data-element_type=\"section\" data-e-type=\"section\">\n\t\t\t\t\t\t<div class=\"elementor-container elementor-column-gap-default\">\n\t\t\t\t\t<div class=\"elementor-column elementor-col-100 elementor-top-column elementor-element elementor-element-cdfd2e7\" data-id=\"cdfd2e7\" data-element_type=\"column\" data-e-type=\"column\">\n\t\t\t<div class=\"elementor-widget-wrap elementor-element-populated\">\n\t\t\t\t\t\t<div class=\"elementor-element elementor-element-f3c1060 elementor-widget elementor-widget-spacer\" data-id=\"f3c1060\" data-element_type=\"widget\" data-e-type=\"widget\" data-widget_type=\"spacer.default\">\n\t\t\t\t<div class=\"elementor-widget-container\">\n\t\t\t\t\t\t\t<div class=\"elementor-spacer\">\n\t\t\t<div class=\"elementor-spacer-inner\"><\/div>\n\t\t<\/div>\n\t\t\t\t\t\t<\/div>\n\t\t\t\t<\/div>\n\t\t\t\t\t<\/div>\n\t\t<\/div>\n\t\t\t\t\t<\/div>\n\t\t<\/section>\n\t\t\t\t<section class=\"elementor-section elementor-top-section elementor-element elementor-element-8b58c3a elementor-section-boxed elementor-section-height-default elementor-section-height-default\" data-id=\"8b58c3a\" data-element_type=\"section\" data-e-type=\"section\">\n\t\t\t\t\t\t<div class=\"elementor-container elementor-column-gap-default\">\n\t\t\t\t\t<div class=\"elementor-column elementor-col-100 elementor-top-column elementor-element elementor-element-6c90b22\" data-id=\"6c90b22\" data-element_type=\"column\" data-e-type=\"column\">\n\t\t\t<div class=\"elementor-widget-wrap elementor-element-populated\">\n\t\t\t\t\t\t<div class=\"elementor-element elementor-element-6ed58d3 elementor-widget elementor-widget-heading\" data-id=\"6ed58d3\" data-element_type=\"widget\" data-e-type=\"widget\" data-widget_type=\"heading.default\">\n\t\t\t\t<div class=\"elementor-widget-container\">\n\t\t\t\t\t<h2 class=\"elementor-heading-title elementor-size-default\">T\u00e9cnica mista<\/h2>\t\t\t\t<\/div>\n\t\t\t\t<\/div>\n\t\t\t\t\t<\/div>\n\t\t<\/div>\n\t\t\t\t\t<\/div>\n\t\t<\/section>\n\t\t\t\t<section class=\"elementor-section elementor-top-section elementor-element elementor-element-b21d15c elementor-section-boxed elementor-section-height-default elementor-section-height-default\" data-id=\"b21d15c\" data-element_type=\"section\" data-e-type=\"section\">\n\t\t\t\t\t\t<div class=\"elementor-container elementor-column-gap-default\">\n\t\t\t\t\t<div class=\"elementor-column elementor-col-100 elementor-top-column elementor-element elementor-element-31e5add\" data-id=\"31e5add\" data-element_type=\"column\" data-e-type=\"column\">\n\t\t\t<div class=\"elementor-widget-wrap elementor-element-populated\">\n\t\t\t\t\t\t<div class=\"elementor-element elementor-element-37a6fae elementor-widget elementor-widget-image\" data-id=\"37a6fae\" data-element_type=\"widget\" data-e-type=\"widget\" data-widget_type=\"image.default\">\n\t\t\t\t<div class=\"elementor-widget-container\">\n\t\t\t\t\t\t\t\t\t\t\t\t<figure class=\"wp-caption\">\n\t\t\t\t\t\t\t\t\t\t<img fetchpriority=\"high\" decoding=\"async\" width=\"1500\" height=\"1134\" src=\"https:\/\/www.desali.com.br\/wp-content\/uploads\/Desali_2022_ainda-os-canas-_tecnica-mista_100x140cm_web.jpg\" class=\"attachment-1536x1536 size-1536x1536 wp-image-1362\" alt=\"\" srcset=\"https:\/\/www.desali.com.br\/wp-content\/uploads\/Desali_2022_ainda-os-canas-_tecnica-mista_100x140cm_web.jpg 1500w, https:\/\/www.desali.com.br\/wp-content\/uploads\/Desali_2022_ainda-os-canas-_tecnica-mista_100x140cm_web-300x227.jpg 300w, https:\/\/www.desali.com.br\/wp-content\/uploads\/Desali_2022_ainda-os-canas-_tecnica-mista_100x140cm_web-1115x843.jpg 1115w, https:\/\/www.desali.com.br\/wp-content\/uploads\/Desali_2022_ainda-os-canas-_tecnica-mista_100x140cm_web-150x113.jpg 150w, https:\/\/www.desali.com.br\/wp-content\/uploads\/Desali_2022_ainda-os-canas-_tecnica-mista_100x140cm_web-768x581.jpg 768w\" sizes=\"(max-width: 1500px) 100vw, 1500px\" \/>\t\t\t\t\t\t\t\t\t\t\t<figcaption class=\"widget-image-caption wp-caption-text\">Ainda os canas, 2022\nT\u00e9cnica mista\n100 x 140 cm<\/figcaption>\n\t\t\t\t\t\t\t\t\t\t<\/figure>\n\t\t\t\t\t\t\t\t\t<\/div>\n\t\t\t\t<\/div>\n\t\t\t\t\t<\/div>\n\t\t<\/div>\n\t\t\t\t\t<\/div>\n\t\t<\/section>\n\t\t\t\t<section class=\"elementor-section elementor-top-section elementor-element elementor-element-ada214d elementor-section-boxed elementor-section-height-default elementor-section-height-default\" data-id=\"ada214d\" data-element_type=\"section\" data-e-type=\"section\">\n\t\t\t\t\t\t<div class=\"elementor-container elementor-column-gap-default\">\n\t\t\t\t\t<div class=\"elementor-column elementor-col-100 elementor-top-column elementor-element elementor-element-9ca174a\" data-id=\"9ca174a\" data-element_type=\"column\" data-e-type=\"column\">\n\t\t\t<div class=\"elementor-widget-wrap elementor-element-populated\">\n\t\t\t\t\t\t<div class=\"elementor-element elementor-element-342e13d elementor-widget elementor-widget-spacer\" data-id=\"342e13d\" data-element_type=\"widget\" data-e-type=\"widget\" data-widget_type=\"spacer.default\">\n\t\t\t\t<div class=\"elementor-widget-container\">\n\t\t\t\t\t\t\t<div class=\"elementor-spacer\">\n\t\t\t<div class=\"elementor-spacer-inner\"><\/div>\n\t\t<\/div>\n\t\t\t\t\t\t<\/div>\n\t\t\t\t<\/div>\n\t\t\t\t\t<\/div>\n\t\t<\/div>\n\t\t\t\t\t<\/div>\n\t\t<\/section>\n\t\t\t\t<section class=\"elementor-section elementor-top-section elementor-element elementor-element-f5618a0 elementor-section-boxed elementor-section-height-default elementor-section-height-default\" data-id=\"f5618a0\" data-element_type=\"section\" data-e-type=\"section\">\n\t\t\t\t\t\t<div class=\"elementor-container elementor-column-gap-default\">\n\t\t\t\t\t<div class=\"elementor-column elementor-col-100 elementor-top-column elementor-element elementor-element-5ec3253\" data-id=\"5ec3253\" data-element_type=\"column\" data-e-type=\"column\">\n\t\t\t<div class=\"elementor-widget-wrap elementor-element-populated\">\n\t\t\t\t\t\t<div class=\"elementor-element elementor-element-79a5851 elementor-widget elementor-widget-image\" data-id=\"79a5851\" data-element_type=\"widget\" data-e-type=\"widget\" data-widget_type=\"image.default\">\n\t\t\t\t<div class=\"elementor-widget-container\">\n\t\t\t\t\t\t\t\t\t\t\t\t<figure class=\"wp-caption\">\n\t\t\t\t\t\t\t\t\t\t<img decoding=\"async\" width=\"1106\" height=\"1091\" src=\"https:\/\/www.desali.com.br\/wp-content\/uploads\/AmGaleriaSP092021Web-1730-copiar.jpg\" class=\"attachment-1536x1536 size-1536x1536 wp-image-1394\" alt=\"\" srcset=\"https:\/\/www.desali.com.br\/wp-content\/uploads\/AmGaleriaSP092021Web-1730-copiar.jpg 1106w, https:\/\/www.desali.com.br\/wp-content\/uploads\/AmGaleriaSP092021Web-1730-copiar-300x296.jpg 300w, https:\/\/www.desali.com.br\/wp-content\/uploads\/AmGaleriaSP092021Web-1730-copiar-150x148.jpg 150w, https:\/\/www.desali.com.br\/wp-content\/uploads\/AmGaleriaSP092021Web-1730-copiar-768x758.jpg 768w\" sizes=\"(max-width: 1106px) 100vw, 1106px\" \/>\t\t\t\t\t\t\t\t\t\t\t<figcaption class=\"widget-image-caption wp-caption-text\">Sem t\u00edtulo, 2021\nAcr\u00edlica sobre madeira e tecido, cola e pigmentos variados\n50 x 50cm<\/figcaption>\n\t\t\t\t\t\t\t\t\t\t<\/figure>\n\t\t\t\t\t\t\t\t\t<\/div>\n\t\t\t\t<\/div>\n\t\t\t\t\t<\/div>\n\t\t<\/div>\n\t\t\t\t\t<\/div>\n\t\t<\/section>\n\t\t\t\t<section class=\"elementor-section elementor-top-section elementor-element elementor-element-e80e36a elementor-section-boxed elementor-section-height-default elementor-section-height-default\" data-id=\"e80e36a\" data-element_type=\"section\" data-e-type=\"section\">\n\t\t\t\t\t\t<div class=\"elementor-container elementor-column-gap-default\">\n\t\t\t\t\t<div class=\"elementor-column elementor-col-100 elementor-top-column elementor-element elementor-element-8e7c1a6\" data-id=\"8e7c1a6\" data-element_type=\"column\" data-e-type=\"column\">\n\t\t\t<div class=\"elementor-widget-wrap elementor-element-populated\">\n\t\t\t\t\t\t<div class=\"elementor-element elementor-element-8c9acc7 elementor-widget elementor-widget-spacer\" data-id=\"8c9acc7\" data-element_type=\"widget\" data-e-type=\"widget\" data-widget_type=\"spacer.default\">\n\t\t\t\t<div class=\"elementor-widget-container\">\n\t\t\t\t\t\t\t<div class=\"elementor-spacer\">\n\t\t\t<div class=\"elementor-spacer-inner\"><\/div>\n\t\t<\/div>\n\t\t\t\t\t\t<\/div>\n\t\t\t\t<\/div>\n\t\t\t\t\t<\/div>\n\t\t<\/div>\n\t\t\t\t\t<\/div>\n\t\t<\/section>\n\t\t\t\t<section class=\"elementor-section elementor-top-section elementor-element elementor-element-127d53a elementor-section-boxed elementor-section-height-default elementor-section-height-default\" data-id=\"127d53a\" data-element_type=\"section\" data-e-type=\"section\">\n\t\t\t\t\t\t<div class=\"elementor-container elementor-column-gap-default\">\n\t\t\t\t\t<div class=\"elementor-column elementor-col-100 elementor-top-column elementor-element elementor-element-75d041d\" data-id=\"75d041d\" data-element_type=\"column\" data-e-type=\"column\">\n\t\t\t<div class=\"elementor-widget-wrap elementor-element-populated\">\n\t\t\t\t\t\t<div class=\"elementor-element elementor-element-2f95606 elementor-widget elementor-widget-image\" data-id=\"2f95606\" data-element_type=\"widget\" data-e-type=\"widget\" data-widget_type=\"image.default\">\n\t\t\t\t<div class=\"elementor-widget-container\">\n\t\t\t\t\t\t\t\t\t\t\t\t<figure class=\"wp-caption\">\n\t\t\t\t\t\t\t\t\t\t<img decoding=\"async\" width=\"1536\" height=\"816\" src=\"https:\/\/www.desali.com.br\/wp-content\/uploads\/AmGaleriaSP092021Web-1732-copiar-1536x816.jpg\" class=\"attachment-1536x1536 size-1536x1536 wp-image-1396\" alt=\"\" srcset=\"https:\/\/www.desali.com.br\/wp-content\/uploads\/AmGaleriaSP092021Web-1732-copiar-1536x816.jpg 1536w, https:\/\/www.desali.com.br\/wp-content\/uploads\/AmGaleriaSP092021Web-1732-copiar-300x159.jpg 300w, https:\/\/www.desali.com.br\/wp-content\/uploads\/AmGaleriaSP092021Web-1732-copiar-1115x593.jpg 1115w, https:\/\/www.desali.com.br\/wp-content\/uploads\/AmGaleriaSP092021Web-1732-copiar-150x80.jpg 150w, https:\/\/www.desali.com.br\/wp-content\/uploads\/AmGaleriaSP092021Web-1732-copiar-768x408.jpg 768w, https:\/\/www.desali.com.br\/wp-content\/uploads\/AmGaleriaSP092021Web-1732-copiar-1568x833.jpg 1568w, https:\/\/www.desali.com.br\/wp-content\/uploads\/AmGaleriaSP092021Web-1732-copiar.jpg 1714w\" sizes=\"(max-width: 1536px) 100vw, 1536px\" \/>\t\t\t\t\t\t\t\t\t\t\t<figcaption class=\"widget-image-caption wp-caption-text\">Sem t\u00edtulos, 2021\nAcr\u00edlica sobre madeira e tecido, cola e pigmentos variados\n50 x 50cm (cada)<\/figcaption>\n\t\t\t\t\t\t\t\t\t\t<\/figure>\n\t\t\t\t\t\t\t\t\t<\/div>\n\t\t\t\t<\/div>\n\t\t\t\t\t<\/div>\n\t\t<\/div>\n\t\t\t\t\t<\/div>\n\t\t<\/section>\n\t\t\t\t<\/div>","protected":false},"excerpt":{"rendered":"<p>DESALI T\u00e9cnica mista Ainda os canas, 2022 T\u00e9cnica mista 100 x 140 cm Sem t\u00edtulo, 2021 Acr\u00edlica sobre madeira e tecido, cola e pigmentos variados 50 x 50cm Sem t\u00edtulos, 2021 Acr\u00edlica sobre madeira e tecido, cola e pigmentos variados 50 x 50cm (cada)<\/p>","protected":false},"author":2,"featured_media":0,"parent":0,"menu_order":0,"comment_status":"closed","ping_status":"closed","template":"elementor_canvas","meta":{"two_page_speed":[],"footnotes":""},"class_list":["post-1359","page","type-page","status-publish","hentry","entry"],"_links":{"self":[{"href":"https:\/\/www.desali.com.br\/en\/wp-json\/wp\/v2\/pages\/1359","targetHints":{"allow":["GET"]}}],"collection":[{"href":"https:\/\/www.desali.com.br\/en\/wp-json\/wp\/v2\/pages"}],"about":[{"href":"https:\/\/www.desali.com.br\/en\/wp-json\/wp\/v2\/types\/page"}],"author":[{"embeddable":true,"href":"https:\/\/www.desali.com.br\/en\/wp-json\/wp\/v2\/users\/2"}],"replies":[{"embeddable":true,"href":"https:\/\/www.desali.com.br\/en\/wp-json\/wp\/v2\/comments?post=1359"}],"version-history":[{"count":0,"href":"https:\/\/www.desali.com.br\/en\/wp-json\/wp\/v2\/pages\/1359\/revisions"}],"wp:attachment":[{"href":"https:\/\/www.desali.com.br\/en\/wp-json\/wp\/v2\/media?parent=1359"}],"curies":[{"name":"wp","href":"https:\/\/api.w.org\/{rel}","templated":true}]}}