{"id":1370,"date":"2022-11-11T13:46:43","date_gmt":"2022-11-11T13:46:43","guid":{"rendered":"https:\/\/www.desali.com.br\/?page_id=1370"},"modified":"2023-01-17T15:14:20","modified_gmt":"2023-01-17T15:14:20","slug":"retratos","status":"publish","type":"page","link":"https:\/\/www.desali.com.br\/en\/retratos\/","title":{"rendered":". Retratos"},"content":{"rendered":"<div data-elementor-type=\"wp-page\" data-elementor-id=\"1370\" class=\"elementor elementor-1370\" data-elementor-post-type=\"page\">\n\t\t\t\t\t\t<section class=\"elementor-section elementor-top-section elementor-element elementor-element-c8f91bf elementor-section-content-bottom elementor-section-boxed elementor-section-height-default elementor-section-height-default\" data-id=\"c8f91bf\" data-element_type=\"section\" data-e-type=\"section\">\n\t\t\t\t\t\t<div class=\"elementor-container elementor-column-gap-default\">\n\t\t\t\t\t<div class=\"elementor-column elementor-col-33 elementor-top-column elementor-element elementor-element-998fe4b\" data-id=\"998fe4b\" data-element_type=\"column\" data-e-type=\"column\">\n\t\t\t<div class=\"elementor-widget-wrap elementor-element-populated\">\n\t\t\t\t\t\t<div class=\"elementor-element elementor-element-a5b33de elementor-widget elementor-widget-heading\" data-id=\"a5b33de\" data-element_type=\"widget\" data-e-type=\"widget\" data-widget_type=\"heading.default\">\n\t\t\t\t<div class=\"elementor-widget-container\">\n\t\t\t\t\t<h2 class=\"elementor-heading-title elementor-size-default\"><a href=\"https:\/\/www.desali.com.br\/en\/portfolio\/\">DESALI<\/a><\/h2>\t\t\t\t<\/div>\n\t\t\t\t<\/div>\n\t\t\t\t\t<\/div>\n\t\t<\/div>\n\t\t\t\t<div class=\"elementor-column elementor-col-33 elementor-top-column elementor-element elementor-element-557548d\" data-id=\"557548d\" data-element_type=\"column\" data-e-type=\"column\">\n\t\t\t<div class=\"elementor-widget-wrap elementor-element-populated\">\n\t\t\t\t\t\t<div class=\"elementor-element elementor-element-b0aa128 elementor-nav-menu__align-end elementor-nav-menu--dropdown-none elementor-widget elementor-widget-nav-menu\" data-id=\"b0aa128\" data-element_type=\"widget\" data-e-type=\"widget\" data-settings=\"{&quot;layout&quot;:&quot;horizontal&quot;,&quot;submenu_icon&quot;:{&quot;value&quot;:&quot;&lt;i class=\\&quot;fas fa-caret-down\\&quot;&gt;&lt;\\\/i&gt;&quot;,&quot;library&quot;:&quot;fa-solid&quot;}}\" data-widget_type=\"nav-menu.default\">\n\t\t\t\t<div class=\"elementor-widget-container\">\n\t\t\t\t\t\t\t\t<nav aria-label=\"Menu\" class=\"elementor-nav-menu--main elementor-nav-menu__container elementor-nav-menu--layout-horizontal e--pointer-underline e--animation-fade\">\n\t\t\t\t<ul id=\"menu-1-b0aa128\" class=\"elementor-nav-menu\"><li class=\"menu-item menu-item-type-post_type menu-item-object-page menu-item-1263\"><a href=\"https:\/\/www.desali.com.br\/en\/info\/\" class=\"elementor-item\">Info<\/a><\/li>\n<li class=\"menu-item menu-item-type-post_type menu-item-object-page menu-item-1350\"><a href=\"https:\/\/www.desali.com.br\/en\/contato-2\/\" class=\"elementor-item\">Contato<\/a><\/li>\n<li class=\"trp-language-switcher-container menu-item menu-item-type-post_type menu-item-object-language_switcher current-language-menu-item menu-item-1532\"><a href=\"https:\/\/www.desali.com.br\/en\/wp-json\/wp\/v2\/pages\/1370\" class=\"elementor-item elementor-item-anchor\"><span data-no-translation><span class=\"trp-ls-language-name\">EN<\/span><\/span><\/a><\/li>\n<li class=\"trp-language-switcher-container menu-item menu-item-type-post_type menu-item-object-language_switcher current-language-menu-item menu-item-1533\"><a href=\"https:\/\/www.desali.com.br\/en\/wp-json\/wp\/v2\/pages\/1370\" class=\"elementor-item elementor-item-anchor\"><span data-no-translation><span class=\"trp-ls-language-name\">PT<\/span><\/span><\/a><\/li>\n<\/ul>\t\t\t<\/nav>\n\t\t\t\t\t\t<nav class=\"elementor-nav-menu--dropdown elementor-nav-menu__container\" aria-hidden=\"true\">\n\t\t\t\t<ul id=\"menu-2-b0aa128\" class=\"elementor-nav-menu\"><li class=\"menu-item menu-item-type-post_type menu-item-object-page menu-item-1263\"><a href=\"https:\/\/www.desali.com.br\/en\/info\/\" class=\"elementor-item\" tabindex=\"-1\">Info<\/a><\/li>\n<li class=\"menu-item menu-item-type-post_type menu-item-object-page menu-item-1350\"><a href=\"https:\/\/www.desali.com.br\/en\/contato-2\/\" class=\"elementor-item\" tabindex=\"-1\">Contato<\/a><\/li>\n<li class=\"trp-language-switcher-container menu-item menu-item-type-post_type menu-item-object-language_switcher current-language-menu-item menu-item-1532\"><a href=\"https:\/\/www.desali.com.br\/en\/wp-json\/wp\/v2\/pages\/1370\" class=\"elementor-item elementor-item-anchor\" tabindex=\"-1\"><span data-no-translation><span class=\"trp-ls-language-name\">EN<\/span><\/span><\/a><\/li>\n<li class=\"trp-language-switcher-container menu-item menu-item-type-post_type menu-item-object-language_switcher current-language-menu-item menu-item-1533\"><a href=\"https:\/\/www.desali.com.br\/en\/wp-json\/wp\/v2\/pages\/1370\" class=\"elementor-item elementor-item-anchor\" tabindex=\"-1\"><span data-no-translation><span class=\"trp-ls-language-name\">PT<\/span><\/span><\/a><\/li>\n<\/ul>\t\t\t<\/nav>\n\t\t\t\t\t\t<\/div>\n\t\t\t\t<\/div>\n\t\t\t\t\t<\/div>\n\t\t<\/div>\n\t\t\t\t<div class=\"elementor-column elementor-col-33 elementor-top-column elementor-element elementor-element-8677dec\" data-id=\"8677dec\" data-element_type=\"column\" data-e-type=\"column\">\n\t\t\t<div class=\"elementor-widget-wrap elementor-element-populated\">\n\t\t\t\t\t\t<div class=\"elementor-element elementor-element-8cbc877 elementor-view-stacked elementor-shape-circle elementor-widget elementor-widget-icon\" data-id=\"8cbc877\" data-element_type=\"widget\" data-e-type=\"widget\" data-widget_type=\"icon.default\">\n\t\t\t\t<div class=\"elementor-widget-container\">\n\t\t\t\t\t\t\t<div class=\"elementor-icon-wrapper\">\n\t\t\t<a class=\"elementor-icon elementor-animation-grow\" href=\"https:\/\/www.instagram.com\/desali_xo\/\">\n\t\t\t<i aria-hidden=\"true\" class=\"fab fa-instagram\"><\/i>\t\t\t<\/a>\n\t\t<\/div>\n\t\t\t\t\t\t<\/div>\n\t\t\t\t<\/div>\n\t\t\t\t\t<\/div>\n\t\t<\/div>\n\t\t\t\t\t<\/div>\n\t\t<\/section>\n\t\t\t\t<section class=\"elementor-section elementor-top-section elementor-element elementor-element-721166c elementor-section-boxed elementor-section-height-default elementor-section-height-default\" data-id=\"721166c\" data-element_type=\"section\" data-e-type=\"section\">\n\t\t\t\t\t\t<div class=\"elementor-container elementor-column-gap-default\">\n\t\t\t\t\t<div class=\"elementor-column elementor-col-100 elementor-top-column elementor-element elementor-element-a419f6b\" data-id=\"a419f6b\" data-element_type=\"column\" data-e-type=\"column\">\n\t\t\t<div class=\"elementor-widget-wrap elementor-element-populated\">\n\t\t\t\t\t\t<div class=\"elementor-element elementor-element-899c71b elementor-widget elementor-widget-spacer\" data-id=\"899c71b\" data-element_type=\"widget\" data-e-type=\"widget\" data-widget_type=\"spacer.default\">\n\t\t\t\t<div class=\"elementor-widget-container\">\n\t\t\t\t\t\t\t<div class=\"elementor-spacer\">\n\t\t\t<div class=\"elementor-spacer-inner\"><\/div>\n\t\t<\/div>\n\t\t\t\t\t\t<\/div>\n\t\t\t\t<\/div>\n\t\t\t\t\t<\/div>\n\t\t<\/div>\n\t\t\t\t\t<\/div>\n\t\t<\/section>\n\t\t\t\t<section class=\"elementor-section elementor-top-section elementor-element elementor-element-dedb9cf elementor-section-boxed elementor-section-height-default elementor-section-height-default\" data-id=\"dedb9cf\" data-element_type=\"section\" data-e-type=\"section\">\n\t\t\t\t\t\t<div class=\"elementor-container elementor-column-gap-default\">\n\t\t\t\t\t<div class=\"elementor-column elementor-col-100 elementor-top-column elementor-element elementor-element-50589e0\" data-id=\"50589e0\" data-element_type=\"column\" data-e-type=\"column\">\n\t\t\t<div class=\"elementor-widget-wrap elementor-element-populated\">\n\t\t\t\t\t\t<div class=\"elementor-element elementor-element-0c47df3 elementor-widget elementor-widget-heading\" data-id=\"0c47df3\" data-element_type=\"widget\" data-e-type=\"widget\" data-widget_type=\"heading.default\">\n\t\t\t\t<div class=\"elementor-widget-container\">\n\t\t\t\t\t<h2 class=\"elementor-heading-title elementor-size-default\">Retratos<\/h2>\t\t\t\t<\/div>\n\t\t\t\t<\/div>\n\t\t\t\t\t<\/div>\n\t\t<\/div>\n\t\t\t\t\t<\/div>\n\t\t<\/section>\n\t\t\t\t<section class=\"elementor-section elementor-top-section elementor-element elementor-element-de47aed elementor-section-boxed elementor-section-height-default elementor-section-height-default\" data-id=\"de47aed\" data-element_type=\"section\" data-e-type=\"section\">\n\t\t\t\t\t\t<div class=\"elementor-container elementor-column-gap-default\">\n\t\t\t\t\t<div class=\"elementor-column elementor-col-100 elementor-top-column elementor-element elementor-element-0c4e2e9\" data-id=\"0c4e2e9\" data-element_type=\"column\" data-e-type=\"column\">\n\t\t\t<div class=\"elementor-widget-wrap elementor-element-populated\">\n\t\t\t\t\t\t<div class=\"elementor-element elementor-element-fa530a6 elementor-widget elementor-widget-image\" data-id=\"fa530a6\" data-element_type=\"widget\" data-e-type=\"widget\" data-widget_type=\"image.default\">\n\t\t\t\t<div class=\"elementor-widget-container\">\n\t\t\t\t\t\t\t\t\t\t\t\t<figure class=\"wp-caption\">\n\t\t\t\t\t\t\t\t\t\t<img fetchpriority=\"high\" decoding=\"async\" width=\"640\" height=\"978\" src=\"https:\/\/www.desali.com.br\/wp-content\/uploads\/15-4-944x1443.jpg\" class=\"attachment-large size-large wp-image-1378\" alt=\"\" srcset=\"https:\/\/www.desali.com.br\/wp-content\/uploads\/15-4-944x1443.jpg 944w, https:\/\/www.desali.com.br\/wp-content\/uploads\/15-4-196x300.jpg 196w, https:\/\/www.desali.com.br\/wp-content\/uploads\/15-4-98x150.jpg 98w, https:\/\/www.desali.com.br\/wp-content\/uploads\/15-4-768x1174.jpg 768w, https:\/\/www.desali.com.br\/wp-content\/uploads\/15-4-1005x1536.jpg 1005w, https:\/\/www.desali.com.br\/wp-content\/uploads\/15-4-1339x2048.jpg 1339w, https:\/\/www.desali.com.br\/wp-content\/uploads\/15-4.jpg 1495w\" sizes=\"(max-width: 640px) 100vw, 640px\" \/>\t\t\t\t\t\t\t\t\t\t\t<figcaption class=\"widget-image-caption wp-caption-text\">Jovem com brinco de exu, 2022\nAcr\u00edlica sobre madeira\n50 x 30 cm<\/figcaption>\n\t\t\t\t\t\t\t\t\t\t<\/figure>\n\t\t\t\t\t\t\t\t\t<\/div>\n\t\t\t\t<\/div>\n\t\t\t\t\t<\/div>\n\t\t<\/div>\n\t\t\t\t\t<\/div>\n\t\t<\/section>\n\t\t\t\t<section class=\"elementor-section elementor-top-section elementor-element elementor-element-196ac15 elementor-section-boxed elementor-section-height-default elementor-section-height-default\" data-id=\"196ac15\" data-element_type=\"section\" data-e-type=\"section\">\n\t\t\t\t\t\t<div class=\"elementor-container elementor-column-gap-default\">\n\t\t\t\t\t<div class=\"elementor-column elementor-col-100 elementor-top-column elementor-element elementor-element-e2e4055\" data-id=\"e2e4055\" data-element_type=\"column\" data-e-type=\"column\">\n\t\t\t<div class=\"elementor-widget-wrap elementor-element-populated\">\n\t\t\t\t\t\t<div class=\"elementor-element elementor-element-d25a565 elementor-widget elementor-widget-spacer\" data-id=\"d25a565\" data-element_type=\"widget\" data-e-type=\"widget\" data-widget_type=\"spacer.default\">\n\t\t\t\t<div class=\"elementor-widget-container\">\n\t\t\t\t\t\t\t<div class=\"elementor-spacer\">\n\t\t\t<div class=\"elementor-spacer-inner\"><\/div>\n\t\t<\/div>\n\t\t\t\t\t\t<\/div>\n\t\t\t\t<\/div>\n\t\t\t\t\t<\/div>\n\t\t<\/div>\n\t\t\t\t\t<\/div>\n\t\t<\/section>\n\t\t\t\t<section class=\"elementor-section elementor-top-section elementor-element elementor-element-f1d712c elementor-section-boxed elementor-section-height-default elementor-section-height-default\" data-id=\"f1d712c\" data-element_type=\"section\" data-e-type=\"section\">\n\t\t\t\t\t\t<div class=\"elementor-container elementor-column-gap-default\">\n\t\t\t\t\t<div class=\"elementor-column elementor-col-100 elementor-top-column elementor-element elementor-element-f482c12\" data-id=\"f482c12\" data-element_type=\"column\" data-e-type=\"column\">\n\t\t\t<div class=\"elementor-widget-wrap elementor-element-populated\">\n\t\t\t\t\t\t<div class=\"elementor-element elementor-element-f42a87f elementor-widget elementor-widget-image\" data-id=\"f42a87f\" data-element_type=\"widget\" data-e-type=\"widget\" data-widget_type=\"image.default\">\n\t\t\t\t<div class=\"elementor-widget-container\">\n\t\t\t\t\t\t\t\t\t\t\t\t<figure class=\"wp-caption\">\n\t\t\t\t\t\t\t\t\t\t<img decoding=\"async\" width=\"640\" height=\"838\" src=\"https:\/\/www.desali.com.br\/wp-content\/uploads\/14-4-1102x1443.jpg\" class=\"attachment-large size-large wp-image-1377\" alt=\"\" srcset=\"https:\/\/www.desali.com.br\/wp-content\/uploads\/14-4-1102x1443.jpg 1102w, https:\/\/www.desali.com.br\/wp-content\/uploads\/14-4-229x300.jpg 229w, https:\/\/www.desali.com.br\/wp-content\/uploads\/14-4-115x150.jpg 115w, https:\/\/www.desali.com.br\/wp-content\/uploads\/14-4-768x1005.jpg 768w, https:\/\/www.desali.com.br\/wp-content\/uploads\/14-4-1173x1536.jpg 1173w, https:\/\/www.desali.com.br\/wp-content\/uploads\/14-4.jpg 1463w\" sizes=\"(max-width: 640px) 100vw, 640px\" \/>\t\t\t\t\t\t\t\t\t\t\t<figcaption class=\"widget-image-caption wp-caption-text\">estudo de luta Natali, 2022\nAcr\u00edlica sobre madeira\n41 x 31,5 cm<\/figcaption>\n\t\t\t\t\t\t\t\t\t\t<\/figure>\n\t\t\t\t\t\t\t\t\t<\/div>\n\t\t\t\t<\/div>\n\t\t\t\t\t<\/div>\n\t\t<\/div>\n\t\t\t\t\t<\/div>\n\t\t<\/section>\n\t\t\t\t<section class=\"elementor-section elementor-top-section elementor-element elementor-element-2c5633f elementor-section-boxed elementor-section-height-default elementor-section-height-default\" data-id=\"2c5633f\" data-element_type=\"section\" data-e-type=\"section\">\n\t\t\t\t\t\t<div class=\"elementor-container elementor-column-gap-default\">\n\t\t\t\t\t<div class=\"elementor-column elementor-col-100 elementor-top-column elementor-element elementor-element-d7486c7\" data-id=\"d7486c7\" data-element_type=\"column\" data-e-type=\"column\">\n\t\t\t<div class=\"elementor-widget-wrap elementor-element-populated\">\n\t\t\t\t\t\t<div class=\"elementor-element elementor-element-568cfcc elementor-widget elementor-widget-spacer\" data-id=\"568cfcc\" data-element_type=\"widget\" data-e-type=\"widget\" data-widget_type=\"spacer.default\">\n\t\t\t\t<div class=\"elementor-widget-container\">\n\t\t\t\t\t\t\t<div class=\"elementor-spacer\">\n\t\t\t<div class=\"elementor-spacer-inner\"><\/div>\n\t\t<\/div>\n\t\t\t\t\t\t<\/div>\n\t\t\t\t<\/div>\n\t\t\t\t\t<\/div>\n\t\t<\/div>\n\t\t\t\t\t<\/div>\n\t\t<\/section>\n\t\t\t\t<section class=\"elementor-section elementor-top-section elementor-element elementor-element-0f0710e elementor-section-boxed elementor-section-height-default elementor-section-height-default\" data-id=\"0f0710e\" data-element_type=\"section\" data-e-type=\"section\">\n\t\t\t\t\t\t<div class=\"elementor-container elementor-column-gap-default\">\n\t\t\t\t\t<div class=\"elementor-column elementor-col-100 elementor-top-column elementor-element elementor-element-bbe5ae4\" data-id=\"bbe5ae4\" data-element_type=\"column\" data-e-type=\"column\">\n\t\t\t<div class=\"elementor-widget-wrap elementor-element-populated\">\n\t\t\t\t\t\t<div class=\"elementor-element elementor-element-a569377 elementor-widget elementor-widget-image\" data-id=\"a569377\" data-element_type=\"widget\" data-e-type=\"widget\" data-widget_type=\"image.default\">\n\t\t\t\t<div class=\"elementor-widget-container\">\n\t\t\t\t\t\t\t\t\t\t\t\t<figure class=\"wp-caption\">\n\t\t\t\t\t\t\t\t\t\t<img decoding=\"async\" width=\"640\" height=\"838\" src=\"https:\/\/www.desali.com.br\/wp-content\/uploads\/13-5-1102x1443.jpg\" class=\"attachment-large size-large wp-image-1376\" alt=\"\" srcset=\"https:\/\/www.desali.com.br\/wp-content\/uploads\/13-5-1102x1443.jpg 1102w, https:\/\/www.desali.com.br\/wp-content\/uploads\/13-5-229x300.jpg 229w, https:\/\/www.desali.com.br\/wp-content\/uploads\/13-5-115x150.jpg 115w, https:\/\/www.desali.com.br\/wp-content\/uploads\/13-5-768x1006.jpg 768w, https:\/\/www.desali.com.br\/wp-content\/uploads\/13-5-1173x1536.jpg 1173w, https:\/\/www.desali.com.br\/wp-content\/uploads\/13-5.jpg 1550w\" sizes=\"(max-width: 640px) 100vw, 640px\" \/>\t\t\t\t\t\t\t\t\t\t\t<figcaption class=\"widget-image-caption wp-caption-text\">L\u00edvia m\u00e1scara pantera, 2022\nAcr\u00edlica sobre madeira\n41,5 x 28 cm<\/figcaption>\n\t\t\t\t\t\t\t\t\t\t<\/figure>\n\t\t\t\t\t\t\t\t\t<\/div>\n\t\t\t\t<\/div>\n\t\t\t\t\t<\/div>\n\t\t<\/div>\n\t\t\t\t\t<\/div>\n\t\t<\/section>\n\t\t\t\t<section class=\"elementor-section elementor-top-section elementor-element elementor-element-4dacee7 elementor-section-boxed elementor-section-height-default elementor-section-height-default\" data-id=\"4dacee7\" data-element_type=\"section\" data-e-type=\"section\">\n\t\t\t\t\t\t<div class=\"elementor-container elementor-column-gap-default\">\n\t\t\t\t\t<div class=\"elementor-column elementor-col-100 elementor-top-column elementor-element elementor-element-5e02c38\" data-id=\"5e02c38\" data-element_type=\"column\" data-e-type=\"column\">\n\t\t\t<div class=\"elementor-widget-wrap elementor-element-populated\">\n\t\t\t\t\t\t<div class=\"elementor-element elementor-element-649340d elementor-widget elementor-widget-spacer\" data-id=\"649340d\" data-element_type=\"widget\" data-e-type=\"widget\" data-widget_type=\"spacer.default\">\n\t\t\t\t<div class=\"elementor-widget-container\">\n\t\t\t\t\t\t\t<div class=\"elementor-spacer\">\n\t\t\t<div class=\"elementor-spacer-inner\"><\/div>\n\t\t<\/div>\n\t\t\t\t\t\t<\/div>\n\t\t\t\t<\/div>\n\t\t\t\t\t<\/div>\n\t\t<\/div>\n\t\t\t\t\t<\/div>\n\t\t<\/section>\n\t\t\t\t<section class=\"elementor-section elementor-top-section elementor-element elementor-element-b6a0fac elementor-section-boxed elementor-section-height-default elementor-section-height-default\" data-id=\"b6a0fac\" data-element_type=\"section\" data-e-type=\"section\">\n\t\t\t\t\t\t<div class=\"elementor-container elementor-column-gap-default\">\n\t\t\t\t\t<div class=\"elementor-column elementor-col-100 elementor-top-column elementor-element elementor-element-f90c8fa\" data-id=\"f90c8fa\" data-element_type=\"column\" data-e-type=\"column\">\n\t\t\t<div class=\"elementor-widget-wrap elementor-element-populated\">\n\t\t\t\t\t\t<div class=\"elementor-element elementor-element-79a2b44 elementor-widget elementor-widget-image\" data-id=\"79a2b44\" data-element_type=\"widget\" data-e-type=\"widget\" data-widget_type=\"image.default\">\n\t\t\t\t<div class=\"elementor-widget-container\">\n\t\t\t\t\t\t\t\t\t\t\t\t<figure class=\"wp-caption\">\n\t\t\t\t\t\t\t\t\t\t<img loading=\"lazy\" decoding=\"async\" width=\"640\" height=\"1101\" src=\"https:\/\/www.desali.com.br\/wp-content\/uploads\/12-4-839x1443.jpg\" class=\"attachment-large size-large wp-image-1375\" alt=\"\" srcset=\"https:\/\/www.desali.com.br\/wp-content\/uploads\/12-4-839x1443.jpg 839w, https:\/\/www.desali.com.br\/wp-content\/uploads\/12-4-174x300.jpg 174w, https:\/\/www.desali.com.br\/wp-content\/uploads\/12-4-87x150.jpg 87w, https:\/\/www.desali.com.br\/wp-content\/uploads\/12-4-768x1322.jpg 768w, https:\/\/www.desali.com.br\/wp-content\/uploads\/12-4-893x1536.jpg 893w, https:\/\/www.desali.com.br\/wp-content\/uploads\/12-4-1190x2048.jpg 1190w, https:\/\/www.desali.com.br\/wp-content\/uploads\/12-4.jpg 1376w\" sizes=\"(max-width: 640px) 100vw, 640px\" \/>\t\t\t\t\t\t\t\t\t\t\t<figcaption class=\"widget-image-caption wp-caption-text\">Cabe\u00e7a de Let\u00edcia, 2022\nAcr\u00edlica sobre madeira\n44 x 20,5 cm<\/figcaption>\n\t\t\t\t\t\t\t\t\t\t<\/figure>\n\t\t\t\t\t\t\t\t\t<\/div>\n\t\t\t\t<\/div>\n\t\t\t\t\t<\/div>\n\t\t<\/div>\n\t\t\t\t\t<\/div>\n\t\t<\/section>\n\t\t\t\t<section class=\"elementor-section elementor-top-section elementor-element elementor-element-8cea3b3 elementor-section-boxed elementor-section-height-default elementor-section-height-default\" data-id=\"8cea3b3\" data-element_type=\"section\" data-e-type=\"section\">\n\t\t\t\t\t\t<div class=\"elementor-container elementor-column-gap-default\">\n\t\t\t\t\t<div class=\"elementor-column elementor-col-100 elementor-top-column elementor-element elementor-element-53f76bf\" data-id=\"53f76bf\" data-element_type=\"column\" data-e-type=\"column\">\n\t\t\t<div class=\"elementor-widget-wrap elementor-element-populated\">\n\t\t\t\t\t\t<div class=\"elementor-element elementor-element-1bd2908 elementor-widget elementor-widget-spacer\" data-id=\"1bd2908\" data-element_type=\"widget\" data-e-type=\"widget\" data-widget_type=\"spacer.default\">\n\t\t\t\t<div class=\"elementor-widget-container\">\n\t\t\t\t\t\t\t<div class=\"elementor-spacer\">\n\t\t\t<div class=\"elementor-spacer-inner\"><\/div>\n\t\t<\/div>\n\t\t\t\t\t\t<\/div>\n\t\t\t\t<\/div>\n\t\t\t\t\t<\/div>\n\t\t<\/div>\n\t\t\t\t\t<\/div>\n\t\t<\/section>\n\t\t\t\t<\/div>","protected":false},"excerpt":{"rendered":"<p>DESALI Retratos Jovem com brinco de exu, 2022 Acr\u00edlica sobre madeira 50 x 30 cm estudo de luta Natali, 2022 Acr\u00edlica sobre madeira 41 x 31,5 cm L\u00edvia m\u00e1scara pantera, 2022 Acr\u00edlica sobre madeira 41,5 x 28 cm Cabe\u00e7a de Let\u00edcia, 2022 Acr\u00edlica sobre madeira 44 x 20,5 cm<\/p>","protected":false},"author":2,"featured_media":0,"parent":0,"menu_order":0,"comment_status":"closed","ping_status":"closed","template":"elementor_canvas","meta":{"two_page_speed":[],"footnotes":""},"class_list":["post-1370","page","type-page","status-publish","hentry","entry"],"_links":{"self":[{"href":"https:\/\/www.desali.com.br\/en\/wp-json\/wp\/v2\/pages\/1370","targetHints":{"allow":["GET"]}}],"collection":[{"href":"https:\/\/www.desali.com.br\/en\/wp-json\/wp\/v2\/pages"}],"about":[{"href":"https:\/\/www.desali.com.br\/en\/wp-json\/wp\/v2\/types\/page"}],"author":[{"embeddable":true,"href":"https:\/\/www.desali.com.br\/en\/wp-json\/wp\/v2\/users\/2"}],"replies":[{"embeddable":true,"href":"https:\/\/www.desali.com.br\/en\/wp-json\/wp\/v2\/comments?post=1370"}],"version-history":[{"count":0,"href":"https:\/\/www.desali.com.br\/en\/wp-json\/wp\/v2\/pages\/1370\/revisions"}],"wp:attachment":[{"href":"https:\/\/www.desali.com.br\/en\/wp-json\/wp\/v2\/media?parent=1370"}],"curies":[{"name":"wp","href":"https:\/\/api.w.org\/{rel}","templated":true}]}}