{"id":1449,"date":"2023-01-16T19:31:47","date_gmt":"2023-01-16T19:31:47","guid":{"rendered":"https:\/\/www.desali.com.br\/?page_id=1449"},"modified":"2023-01-18T20:09:40","modified_gmt":"2023-01-18T20:09:40","slug":"retrato-de-um-artista-quando-jovem-cao","status":"publish","type":"page","link":"https:\/\/www.desali.com.br\/en\/retrato-de-um-artista-quando-jovem-cao\/","title":{"rendered":". Retrato de um artista quando jovem c\u00e3o"},"content":{"rendered":"<div data-elementor-type=\"wp-page\" data-elementor-id=\"1449\" class=\"elementor elementor-1449\" data-elementor-post-type=\"page\">\n\t\t\t\t\t\t<section class=\"elementor-section elementor-top-section elementor-element elementor-element-606e4d4 elementor-section-content-bottom elementor-section-boxed elementor-section-height-default elementor-section-height-default\" data-id=\"606e4d4\" data-element_type=\"section\" data-e-type=\"section\">\n\t\t\t\t\t\t<div class=\"elementor-container elementor-column-gap-default\">\n\t\t\t\t\t<div class=\"elementor-column elementor-col-33 elementor-top-column elementor-element elementor-element-3b33bb3\" data-id=\"3b33bb3\" data-element_type=\"column\" data-e-type=\"column\">\n\t\t\t<div class=\"elementor-widget-wrap elementor-element-populated\">\n\t\t\t\t\t\t<div class=\"elementor-element elementor-element-1923288 elementor-widget elementor-widget-heading\" data-id=\"1923288\" data-element_type=\"widget\" data-e-type=\"widget\" data-widget_type=\"heading.default\">\n\t\t\t\t<div class=\"elementor-widget-container\">\n\t\t\t\t\t<h2 class=\"elementor-heading-title elementor-size-default\"><a href=\"https:\/\/www.desali.com.br\/en\/portfolio\/\">DESALI<\/a><\/h2>\t\t\t\t<\/div>\n\t\t\t\t<\/div>\n\t\t\t\t\t<\/div>\n\t\t<\/div>\n\t\t\t\t<div class=\"elementor-column elementor-col-33 elementor-top-column elementor-element elementor-element-c9b2b1d\" data-id=\"c9b2b1d\" data-element_type=\"column\" data-e-type=\"column\">\n\t\t\t<div class=\"elementor-widget-wrap elementor-element-populated\">\n\t\t\t\t\t\t<div class=\"elementor-element elementor-element-63726d6 elementor-nav-menu__align-end elementor-nav-menu--dropdown-none elementor-widget elementor-widget-nav-menu\" data-id=\"63726d6\" data-element_type=\"widget\" data-e-type=\"widget\" data-settings=\"{&quot;layout&quot;:&quot;horizontal&quot;,&quot;submenu_icon&quot;:{&quot;value&quot;:&quot;&lt;i class=\\&quot;fas fa-caret-down\\&quot;&gt;&lt;\\\/i&gt;&quot;,&quot;library&quot;:&quot;fa-solid&quot;}}\" data-widget_type=\"nav-menu.default\">\n\t\t\t\t<div class=\"elementor-widget-container\">\n\t\t\t\t\t\t\t\t<nav aria-label=\"Menu\" class=\"elementor-nav-menu--main elementor-nav-menu__container elementor-nav-menu--layout-horizontal e--pointer-underline e--animation-fade\">\n\t\t\t\t<ul id=\"menu-1-63726d6\" class=\"elementor-nav-menu\"><li class=\"menu-item menu-item-type-post_type menu-item-object-page menu-item-1263\"><a href=\"https:\/\/www.desali.com.br\/en\/info\/\" class=\"elementor-item\">Info<\/a><\/li>\n<li class=\"menu-item menu-item-type-post_type menu-item-object-page menu-item-1350\"><a href=\"https:\/\/www.desali.com.br\/en\/contato-2\/\" class=\"elementor-item\">Contato<\/a><\/li>\n<li class=\"trp-language-switcher-container menu-item menu-item-type-post_type menu-item-object-language_switcher current-language-menu-item menu-item-1532\"><a href=\"https:\/\/www.desali.com.br\/en\/wp-json\/wp\/v2\/pages\/1449\" class=\"elementor-item elementor-item-anchor\"><span data-no-translation><span class=\"trp-ls-language-name\">EN<\/span><\/span><\/a><\/li>\n<li class=\"trp-language-switcher-container menu-item menu-item-type-post_type menu-item-object-language_switcher current-language-menu-item menu-item-1533\"><a href=\"https:\/\/www.desali.com.br\/en\/wp-json\/wp\/v2\/pages\/1449\" class=\"elementor-item elementor-item-anchor\"><span data-no-translation><span class=\"trp-ls-language-name\">PT<\/span><\/span><\/a><\/li>\n<\/ul>\t\t\t<\/nav>\n\t\t\t\t\t\t<nav class=\"elementor-nav-menu--dropdown elementor-nav-menu__container\" aria-hidden=\"true\">\n\t\t\t\t<ul id=\"menu-2-63726d6\" class=\"elementor-nav-menu\"><li class=\"menu-item menu-item-type-post_type menu-item-object-page menu-item-1263\"><a href=\"https:\/\/www.desali.com.br\/en\/info\/\" class=\"elementor-item\" tabindex=\"-1\">Info<\/a><\/li>\n<li class=\"menu-item menu-item-type-post_type menu-item-object-page menu-item-1350\"><a href=\"https:\/\/www.desali.com.br\/en\/contato-2\/\" class=\"elementor-item\" tabindex=\"-1\">Contato<\/a><\/li>\n<li class=\"trp-language-switcher-container menu-item menu-item-type-post_type menu-item-object-language_switcher current-language-menu-item menu-item-1532\"><a href=\"https:\/\/www.desali.com.br\/en\/wp-json\/wp\/v2\/pages\/1449\" class=\"elementor-item elementor-item-anchor\" tabindex=\"-1\"><span data-no-translation><span class=\"trp-ls-language-name\">EN<\/span><\/span><\/a><\/li>\n<li class=\"trp-language-switcher-container menu-item menu-item-type-post_type menu-item-object-language_switcher current-language-menu-item menu-item-1533\"><a href=\"https:\/\/www.desali.com.br\/en\/wp-json\/wp\/v2\/pages\/1449\" class=\"elementor-item elementor-item-anchor\" tabindex=\"-1\"><span data-no-translation><span class=\"trp-ls-language-name\">PT<\/span><\/span><\/a><\/li>\n<\/ul>\t\t\t<\/nav>\n\t\t\t\t\t\t<\/div>\n\t\t\t\t<\/div>\n\t\t\t\t\t<\/div>\n\t\t<\/div>\n\t\t\t\t<div class=\"elementor-column elementor-col-33 elementor-top-column elementor-element elementor-element-0b0e194\" data-id=\"0b0e194\" data-element_type=\"column\" data-e-type=\"column\">\n\t\t\t<div class=\"elementor-widget-wrap elementor-element-populated\">\n\t\t\t\t\t\t<div class=\"elementor-element elementor-element-859d49d elementor-view-stacked elementor-shape-circle elementor-widget elementor-widget-icon\" data-id=\"859d49d\" data-element_type=\"widget\" data-e-type=\"widget\" data-widget_type=\"icon.default\">\n\t\t\t\t<div class=\"elementor-widget-container\">\n\t\t\t\t\t\t\t<div class=\"elementor-icon-wrapper\">\n\t\t\t<a class=\"elementor-icon elementor-animation-grow\" href=\"https:\/\/www.instagram.com\/desali_xo\/\">\n\t\t\t<i aria-hidden=\"true\" class=\"fab fa-instagram\"><\/i>\t\t\t<\/a>\n\t\t<\/div>\n\t\t\t\t\t\t<\/div>\n\t\t\t\t<\/div>\n\t\t\t\t\t<\/div>\n\t\t<\/div>\n\t\t\t\t\t<\/div>\n\t\t<\/section>\n\t\t\t\t<section class=\"elementor-section elementor-top-section elementor-element elementor-element-b49c23a elementor-section-boxed elementor-section-height-default elementor-section-height-default\" data-id=\"b49c23a\" data-element_type=\"section\" data-e-type=\"section\">\n\t\t\t\t\t\t<div class=\"elementor-container elementor-column-gap-default\">\n\t\t\t\t\t<div class=\"elementor-column elementor-col-100 elementor-top-column elementor-element elementor-element-f08c906\" data-id=\"f08c906\" data-element_type=\"column\" data-e-type=\"column\">\n\t\t\t<div class=\"elementor-widget-wrap elementor-element-populated\">\n\t\t\t\t\t\t<div class=\"elementor-element elementor-element-c147f0d elementor-widget elementor-widget-spacer\" data-id=\"c147f0d\" data-element_type=\"widget\" data-e-type=\"widget\" data-widget_type=\"spacer.default\">\n\t\t\t\t<div class=\"elementor-widget-container\">\n\t\t\t\t\t\t\t<div class=\"elementor-spacer\">\n\t\t\t<div class=\"elementor-spacer-inner\"><\/div>\n\t\t<\/div>\n\t\t\t\t\t\t<\/div>\n\t\t\t\t<\/div>\n\t\t\t\t\t<\/div>\n\t\t<\/div>\n\t\t\t\t\t<\/div>\n\t\t<\/section>\n\t\t\t\t<section class=\"elementor-section elementor-top-section elementor-element elementor-element-83c16c4 elementor-section-boxed elementor-section-height-default elementor-section-height-default\" data-id=\"83c16c4\" data-element_type=\"section\" data-e-type=\"section\">\n\t\t\t\t\t\t<div class=\"elementor-container elementor-column-gap-default\">\n\t\t\t\t\t<div class=\"elementor-column elementor-col-100 elementor-top-column elementor-element elementor-element-87c2a78\" data-id=\"87c2a78\" data-element_type=\"column\" data-e-type=\"column\">\n\t\t\t<div class=\"elementor-widget-wrap elementor-element-populated\">\n\t\t\t\t\t\t<div class=\"elementor-element elementor-element-9ef28f6 elementor-widget elementor-widget-heading\" data-id=\"9ef28f6\" data-element_type=\"widget\" data-e-type=\"widget\" data-widget_type=\"heading.default\">\n\t\t\t\t<div class=\"elementor-widget-container\">\n\t\t\t\t\t<h2 class=\"elementor-heading-title elementor-size-default\">Retrato de um artista quando jovem c\u00e3o<\/h2>\t\t\t\t<\/div>\n\t\t\t\t<\/div>\n\t\t\t\t\t<\/div>\n\t\t<\/div>\n\t\t\t\t\t<\/div>\n\t\t<\/section>\n\t\t\t\t<section class=\"elementor-section elementor-top-section elementor-element elementor-element-dbe93c1 elementor-section-boxed elementor-section-height-default elementor-section-height-default\" data-id=\"dbe93c1\" data-element_type=\"section\" data-e-type=\"section\">\n\t\t\t\t\t\t<div class=\"elementor-container elementor-column-gap-default\">\n\t\t\t\t\t<div class=\"elementor-column elementor-col-100 elementor-top-column elementor-element elementor-element-373216e\" data-id=\"373216e\" data-element_type=\"column\" data-e-type=\"column\">\n\t\t\t<div class=\"elementor-widget-wrap elementor-element-populated\">\n\t\t\t\t\t\t<div class=\"elementor-element elementor-element-42b026f elementor-widget elementor-widget-spacer\" data-id=\"42b026f\" data-element_type=\"widget\" data-e-type=\"widget\" data-widget_type=\"spacer.default\">\n\t\t\t\t<div class=\"elementor-widget-container\">\n\t\t\t\t\t\t\t<div class=\"elementor-spacer\">\n\t\t\t<div class=\"elementor-spacer-inner\"><\/div>\n\t\t<\/div>\n\t\t\t\t\t\t<\/div>\n\t\t\t\t<\/div>\n\t\t\t\t\t<\/div>\n\t\t<\/div>\n\t\t\t\t\t<\/div>\n\t\t<\/section>\n\t\t\t\t<section class=\"elementor-section elementor-top-section elementor-element elementor-element-e86d718 elementor-section-boxed elementor-section-height-default elementor-section-height-default\" data-id=\"e86d718\" data-element_type=\"section\" data-e-type=\"section\">\n\t\t\t\t\t\t<div class=\"elementor-container elementor-column-gap-default\">\n\t\t\t\t\t<div class=\"elementor-column elementor-col-100 elementor-top-column elementor-element elementor-element-fb33de3\" data-id=\"fb33de3\" data-element_type=\"column\" data-e-type=\"column\">\n\t\t\t<div class=\"elementor-widget-wrap elementor-element-populated\">\n\t\t\t\t\t\t<div class=\"elementor-element elementor-element-cbc8c5b elementor-invisible elementor-widget elementor-widget-text-editor\" data-id=\"cbc8c5b\" data-element_type=\"widget\" data-e-type=\"widget\" data-settings=\"{&quot;_animation&quot;:&quot;fadeIn&quot;}\" data-widget_type=\"text-editor.default\">\n\t\t\t\t<div class=\"elementor-widget-container\">\n\t\t\t\t\t\t\t\t\t<p class=\"Normal1\" style=\"margin-bottom: 10.0pt; text-align: justify; text-justify: inter-ideograph; line-height: 150%;\">A imagen cria a narrativa: um suic\u00eddio \u00e9 encenado. O personagem, um boneco, aparece im\u00f3vel, sentado, na primeira foto. Na segunda j\u00e1 o vemos pendurado pelo teto, num suposto enforcamento. O olhar do artista aqui vai para as experi\u00eancias extremas, aquelas que redimensionam o sentido da vida, aquelas que ningu\u00e9m parece querer ver, como a morte. A t\u00e9cnica \u00e9 um trabalho de revela\u00e7\u00e3o, na qual constantes interven\u00e7\u00f5es e ranhuras impedem a imagem de ser l\u00edmpida. Ele prefere figurar aquilo para o qual os demais viram o rosto: sujeiras da alma, aspectos rec\u00f4nditos do mundo. Forma e conte\u00fado t\u00eam identidade. Um artista que se atrai pelo lado sombrio do mundo n\u00e3o produz imagens de simples frui\u00e7\u00e3o e de beleza imediata. O encanto quanto \u00e0s imagens de Desali precisa de tempo e vontade do espectador.<\/p>\t\t\t\t\t\t\t\t<\/div>\n\t\t\t\t<\/div>\n\t\t\t\t\t<\/div>\n\t\t<\/div>\n\t\t\t\t\t<\/div>\n\t\t<\/section>\n\t\t\t\t<section class=\"elementor-section elementor-top-section elementor-element elementor-element-018cc0c elementor-section-boxed elementor-section-height-default elementor-section-height-default\" data-id=\"018cc0c\" data-element_type=\"section\" data-e-type=\"section\">\n\t\t\t\t\t\t<div class=\"elementor-container elementor-column-gap-default\">\n\t\t\t\t\t<div class=\"elementor-column elementor-col-100 elementor-top-column elementor-element elementor-element-f3d8e4c\" data-id=\"f3d8e4c\" data-element_type=\"column\" data-e-type=\"column\">\n\t\t\t<div class=\"elementor-widget-wrap elementor-element-populated\">\n\t\t\t\t\t\t<div class=\"elementor-element elementor-element-c41a20e elementor-widget elementor-widget-spacer\" data-id=\"c41a20e\" data-element_type=\"widget\" data-e-type=\"widget\" data-widget_type=\"spacer.default\">\n\t\t\t\t<div class=\"elementor-widget-container\">\n\t\t\t\t\t\t\t<div class=\"elementor-spacer\">\n\t\t\t<div class=\"elementor-spacer-inner\"><\/div>\n\t\t<\/div>\n\t\t\t\t\t\t<\/div>\n\t\t\t\t<\/div>\n\t\t\t\t\t<\/div>\n\t\t<\/div>\n\t\t\t\t\t<\/div>\n\t\t<\/section>\n\t\t\t\t<section class=\"elementor-section elementor-top-section elementor-element elementor-element-b53232e elementor-section-boxed elementor-section-height-default elementor-section-height-default\" data-id=\"b53232e\" data-element_type=\"section\" data-e-type=\"section\">\n\t\t\t\t\t\t<div class=\"elementor-container elementor-column-gap-default\">\n\t\t\t\t\t<div class=\"elementor-column elementor-col-100 elementor-top-column elementor-element elementor-element-065bb00\" data-id=\"065bb00\" data-element_type=\"column\" data-e-type=\"column\">\n\t\t\t<div class=\"elementor-widget-wrap elementor-element-populated\">\n\t\t\t\t\t\t<div class=\"elementor-element elementor-element-a491179 elementor-invisible elementor-widget elementor-widget-image\" data-id=\"a491179\" data-element_type=\"widget\" data-e-type=\"widget\" data-settings=\"{&quot;_animation&quot;:&quot;fadeIn&quot;}\" data-widget_type=\"image.default\">\n\t\t\t\t<div class=\"elementor-widget-container\">\n\t\t\t\t\t\t\t\t\t\t\t\t\t\t\t<img fetchpriority=\"high\" decoding=\"async\" width=\"659\" height=\"840\" src=\"https:\/\/www.desali.com.br\/wp-content\/uploads\/reduzida-5.jpg\" class=\"attachment-1536x1536 size-1536x1536 wp-image-596\" alt=\"\" srcset=\"https:\/\/www.desali.com.br\/wp-content\/uploads\/reduzida-5.jpg 659w, https:\/\/www.desali.com.br\/wp-content\/uploads\/reduzida-5-118x150.jpg 118w, https:\/\/www.desali.com.br\/wp-content\/uploads\/reduzida-5-235x300.jpg 235w, https:\/\/www.desali.com.br\/wp-content\/uploads\/reduzida-5-304x387.jpg 304w\" sizes=\"(max-width: 659px) 100vw, 659px\" \/>\t\t\t\t\t\t\t\t\t\t\t\t\t\t\t<\/div>\n\t\t\t\t<\/div>\n\t\t\t\t\t<\/div>\n\t\t<\/div>\n\t\t\t\t\t<\/div>\n\t\t<\/section>\n\t\t\t\t<section class=\"elementor-section elementor-top-section elementor-element elementor-element-874e54d elementor-section-boxed elementor-section-height-default elementor-section-height-default\" data-id=\"874e54d\" data-element_type=\"section\" data-e-type=\"section\">\n\t\t\t\t\t\t<div class=\"elementor-container elementor-column-gap-default\">\n\t\t\t\t\t<div class=\"elementor-column elementor-col-100 elementor-top-column elementor-element elementor-element-5e54592\" data-id=\"5e54592\" data-element_type=\"column\" data-e-type=\"column\">\n\t\t\t<div class=\"elementor-widget-wrap elementor-element-populated\">\n\t\t\t\t\t\t<div class=\"elementor-element elementor-element-e45ab22 elementor-invisible elementor-widget elementor-widget-image\" data-id=\"e45ab22\" data-element_type=\"widget\" data-e-type=\"widget\" data-settings=\"{&quot;_animation&quot;:&quot;fadeIn&quot;}\" data-widget_type=\"image.default\">\n\t\t\t\t<div class=\"elementor-widget-container\">\n\t\t\t\t\t\t\t\t\t\t\t\t\t\t\t<img decoding=\"async\" width=\"675\" height=\"842\" src=\"https:\/\/www.desali.com.br\/wp-content\/uploads\/reduzida-4.jpg\" class=\"attachment-1536x1536 size-1536x1536 wp-image-595\" alt=\"\" srcset=\"https:\/\/www.desali.com.br\/wp-content\/uploads\/reduzida-4.jpg 675w, https:\/\/www.desali.com.br\/wp-content\/uploads\/reduzida-4-120x150.jpg 120w, https:\/\/www.desali.com.br\/wp-content\/uploads\/reduzida-4-240x300.jpg 240w, https:\/\/www.desali.com.br\/wp-content\/uploads\/reduzida-4-304x379.jpg 304w\" sizes=\"(max-width: 675px) 100vw, 675px\" \/>\t\t\t\t\t\t\t\t\t\t\t\t\t\t\t<\/div>\n\t\t\t\t<\/div>\n\t\t\t\t\t<\/div>\n\t\t<\/div>\n\t\t\t\t\t<\/div>\n\t\t<\/section>\n\t\t\t\t<section class=\"elementor-section elementor-top-section elementor-element elementor-element-c65b7e4 elementor-section-boxed elementor-section-height-default elementor-section-height-default\" data-id=\"c65b7e4\" data-element_type=\"section\" data-e-type=\"section\">\n\t\t\t\t\t\t<div class=\"elementor-container elementor-column-gap-default\">\n\t\t\t\t\t<div class=\"elementor-column elementor-col-100 elementor-top-column elementor-element elementor-element-f226759\" data-id=\"f226759\" data-element_type=\"column\" data-e-type=\"column\">\n\t\t\t<div class=\"elementor-widget-wrap elementor-element-populated\">\n\t\t\t\t\t\t<div class=\"elementor-element elementor-element-ed5afe0 elementor-invisible elementor-widget elementor-widget-image\" data-id=\"ed5afe0\" data-element_type=\"widget\" data-e-type=\"widget\" data-settings=\"{&quot;_animation&quot;:&quot;fadeIn&quot;}\" data-widget_type=\"image.default\">\n\t\t\t\t<div class=\"elementor-widget-container\">\n\t\t\t\t\t\t\t\t\t\t\t\t\t\t\t<img decoding=\"async\" width=\"642\" height=\"846\" src=\"https:\/\/www.desali.com.br\/wp-content\/uploads\/reduzida-3.jpg\" class=\"attachment-1536x1536 size-1536x1536 wp-image-594\" alt=\"\" srcset=\"https:\/\/www.desali.com.br\/wp-content\/uploads\/reduzida-3.jpg 642w, https:\/\/www.desali.com.br\/wp-content\/uploads\/reduzida-3-114x150.jpg 114w, https:\/\/www.desali.com.br\/wp-content\/uploads\/reduzida-3-228x300.jpg 228w, https:\/\/www.desali.com.br\/wp-content\/uploads\/reduzida-3-304x401.jpg 304w\" sizes=\"(max-width: 642px) 100vw, 642px\" \/>\t\t\t\t\t\t\t\t\t\t\t\t\t\t\t<\/div>\n\t\t\t\t<\/div>\n\t\t\t\t\t<\/div>\n\t\t<\/div>\n\t\t\t\t\t<\/div>\n\t\t<\/section>\n\t\t\t\t<section class=\"elementor-section elementor-top-section elementor-element elementor-element-ec50f37 elementor-section-boxed elementor-section-height-default elementor-section-height-default\" data-id=\"ec50f37\" data-element_type=\"section\" data-e-type=\"section\">\n\t\t\t\t\t\t<div class=\"elementor-container elementor-column-gap-default\">\n\t\t\t\t\t<div class=\"elementor-column elementor-col-100 elementor-top-column elementor-element elementor-element-6d5f659\" data-id=\"6d5f659\" data-element_type=\"column\" data-e-type=\"column\">\n\t\t\t<div class=\"elementor-widget-wrap elementor-element-populated\">\n\t\t\t\t\t\t<div class=\"elementor-element elementor-element-141e27d elementor-invisible elementor-widget elementor-widget-image\" data-id=\"141e27d\" data-element_type=\"widget\" data-e-type=\"widget\" data-settings=\"{&quot;_animation&quot;:&quot;fadeIn&quot;}\" data-widget_type=\"image.default\">\n\t\t\t\t<div class=\"elementor-widget-container\">\n\t\t\t\t\t\t\t\t\t\t\t\t\t\t\t<img loading=\"lazy\" decoding=\"async\" width=\"606\" height=\"785\" src=\"https:\/\/www.desali.com.br\/wp-content\/uploads\/reduzida-2.jpg\" class=\"attachment-1536x1536 size-1536x1536 wp-image-593\" alt=\"\" srcset=\"https:\/\/www.desali.com.br\/wp-content\/uploads\/reduzida-2.jpg 606w, https:\/\/www.desali.com.br\/wp-content\/uploads\/reduzida-2-116x150.jpg 116w, https:\/\/www.desali.com.br\/wp-content\/uploads\/reduzida-2-232x300.jpg 232w, https:\/\/www.desali.com.br\/wp-content\/uploads\/reduzida-2-304x394.jpg 304w\" sizes=\"(max-width: 606px) 100vw, 606px\" \/>\t\t\t\t\t\t\t\t\t\t\t\t\t\t\t<\/div>\n\t\t\t\t<\/div>\n\t\t\t\t\t<\/div>\n\t\t<\/div>\n\t\t\t\t\t<\/div>\n\t\t<\/section>\n\t\t\t\t<section class=\"elementor-section elementor-top-section elementor-element elementor-element-d0721f0 elementor-section-boxed elementor-section-height-default elementor-section-height-default\" data-id=\"d0721f0\" data-element_type=\"section\" data-e-type=\"section\">\n\t\t\t\t\t\t<div class=\"elementor-container elementor-column-gap-default\">\n\t\t\t\t\t<div class=\"elementor-column elementor-col-100 elementor-top-column elementor-element elementor-element-0fc2d27\" data-id=\"0fc2d27\" data-element_type=\"column\" data-e-type=\"column\">\n\t\t\t<div class=\"elementor-widget-wrap elementor-element-populated\">\n\t\t\t\t\t\t<div class=\"elementor-element elementor-element-d2253bb elementor-invisible elementor-widget elementor-widget-image\" data-id=\"d2253bb\" data-element_type=\"widget\" data-e-type=\"widget\" data-settings=\"{&quot;_animation&quot;:&quot;fadeIn&quot;}\" data-widget_type=\"image.default\">\n\t\t\t\t<div class=\"elementor-widget-container\">\n\t\t\t\t\t\t\t\t\t\t\t\t\t\t\t<img loading=\"lazy\" decoding=\"async\" width=\"606\" height=\"786\" src=\"https:\/\/www.desali.com.br\/wp-content\/uploads\/reduzida-1.jpg\" class=\"attachment-1536x1536 size-1536x1536 wp-image-592\" alt=\"\" srcset=\"https:\/\/www.desali.com.br\/wp-content\/uploads\/reduzida-1.jpg 606w, https:\/\/www.desali.com.br\/wp-content\/uploads\/reduzida-1-116x150.jpg 116w, https:\/\/www.desali.com.br\/wp-content\/uploads\/reduzida-1-231x300.jpg 231w, https:\/\/www.desali.com.br\/wp-content\/uploads\/reduzida-1-304x394.jpg 304w\" sizes=\"(max-width: 606px) 100vw, 606px\" \/>\t\t\t\t\t\t\t\t\t\t\t\t\t\t\t<\/div>\n\t\t\t\t<\/div>\n\t\t\t\t\t<\/div>\n\t\t<\/div>\n\t\t\t\t\t<\/div>\n\t\t<\/section>\n\t\t\t\t<section class=\"elementor-section elementor-top-section elementor-element elementor-element-d922533 elementor-section-boxed elementor-section-height-default elementor-section-height-default\" data-id=\"d922533\" data-element_type=\"section\" data-e-type=\"section\">\n\t\t\t\t\t\t<div class=\"elementor-container elementor-column-gap-default\">\n\t\t\t\t\t<div class=\"elementor-column elementor-col-100 elementor-top-column elementor-element elementor-element-e087580\" data-id=\"e087580\" data-element_type=\"column\" data-e-type=\"column\">\n\t\t\t<div class=\"elementor-widget-wrap elementor-element-populated\">\n\t\t\t\t\t\t<div class=\"elementor-element elementor-element-b4494c9 elementor-widget elementor-widget-spacer\" data-id=\"b4494c9\" data-element_type=\"widget\" data-e-type=\"widget\" data-widget_type=\"spacer.default\">\n\t\t\t\t<div class=\"elementor-widget-container\">\n\t\t\t\t\t\t\t<div class=\"elementor-spacer\">\n\t\t\t<div class=\"elementor-spacer-inner\"><\/div>\n\t\t<\/div>\n\t\t\t\t\t\t<\/div>\n\t\t\t\t<\/div>\n\t\t\t\t\t<\/div>\n\t\t<\/div>\n\t\t\t\t\t<\/div>\n\t\t<\/section>\n\t\t\t\t<\/div>","protected":false},"excerpt":{"rendered":"<p>DESALI Retrato de um artista quando jovem c\u00e3o A imagen cria a narrativa: um suic\u00eddio \u00e9 encenado. O personagem, um boneco, aparece im\u00f3vel, sentado, na primeira foto. Na segunda j\u00e1 o vemos pendurado pelo teto, num suposto enforcamento. O olhar do artista aqui vai para as experi\u00eancias extremas, aquelas que redimensionam o sentido da vida, &hellip; <\/p>\n<p class=\"link-more\"><a href=\"https:\/\/www.desali.com.br\/en\/retrato-de-um-artista-quando-jovem-cao\/\" class=\"more-link\">Continue reading<span class=\"screen-reader-text\"> &#8220;. Retrato de um artista quando jovem c\u00e3o&#8221;<\/span><\/a><\/p>","protected":false},"author":2,"featured_media":0,"parent":0,"menu_order":0,"comment_status":"closed","ping_status":"closed","template":"elementor_canvas","meta":{"two_page_speed":[],"footnotes":""},"class_list":["post-1449","page","type-page","status-publish","hentry","entry"],"_links":{"self":[{"href":"https:\/\/www.desali.com.br\/en\/wp-json\/wp\/v2\/pages\/1449","targetHints":{"allow":["GET"]}}],"collection":[{"href":"https:\/\/www.desali.com.br\/en\/wp-json\/wp\/v2\/pages"}],"about":[{"href":"https:\/\/www.desali.com.br\/en\/wp-json\/wp\/v2\/types\/page"}],"author":[{"embeddable":true,"href":"https:\/\/www.desali.com.br\/en\/wp-json\/wp\/v2\/users\/2"}],"replies":[{"embeddable":true,"href":"https:\/\/www.desali.com.br\/en\/wp-json\/wp\/v2\/comments?post=1449"}],"version-history":[{"count":0,"href":"https:\/\/www.desali.com.br\/en\/wp-json\/wp\/v2\/pages\/1449\/revisions"}],"wp:attachment":[{"href":"https:\/\/www.desali.com.br\/en\/wp-json\/wp\/v2\/media?parent=1449"}],"curies":[{"name":"wp","href":"https:\/\/api.w.org\/{rel}","templated":true}]}}